{"id":2263,"date":"2025-07-17T14:05:32","date_gmt":"2025-07-17T14:05:32","guid":{"rendered":"https:\/\/luhepa.es\/polyethylene-gowns\/"},"modified":"2026-03-16T02:48:23","modified_gmt":"2026-03-16T02:48:23","slug":"polyethylene-gowns","status":"publish","type":"page","link":"https:\/\/luhepa.es\/en\/polyethylene-gowns\/","title":{"rendered":"Polyethylene Gowns"},"content":{"rendered":"<p>[et_pb_section fb_built=&#8221;1&#8243; disabled_on=&#8221;on|on|off&#8221; _builder_version=&#8221;4.27.4&#8243; _module_preset=&#8221;default&#8221; background_enable_color=&#8221;off&#8221; background_image=&#8221;https:\/\/luhepa.es\/wp-content\/uploads\/2025\/11\/Batas_de_polietileno_banner.webp&#8221; background_size=&#8221;initial&#8221; background_position=&#8221;top_center&#8221; global_colors_info=&#8221;{}&#8221;][et_pb_row _builder_version=&#8221;4.27.4&#8243; _module_preset=&#8221;default&#8221; global_colors_info=&#8221;{}&#8221;][et_pb_column type=&#8221;4_4&#8243; _builder_version=&#8221;4.27.4&#8243; _module_preset=&#8221;default&#8221; global_colors_info=&#8221;{}&#8221;][et_pb_text _builder_version=&#8221;4.27.4&#8243; _module_preset=&#8221;bf41eb26-b52f-41f7-90d0-373bd5e7d215&#8243; text_text_color=&#8221;#FFFFFF&#8221; header_font=&#8221;&#8211;et_global_heading_font|900|||||||&#8221; background_enable_color=&#8221;off&#8221; text_orientation=&#8221;left&#8221; custom_margin=&#8221;|591px||||&#8221; global_colors_info=&#8221;{}&#8221; background__hover_enabled=&#8221;on|hover&#8221; background_color__hover=&#8221;&#8221; background_enable_color__hover=&#8221;off&#8221;]<\/p>\n<h1 class=\"elementor-heading-title elementor-size-default\">Polyethylene Gowns<\/h1>\n<p>Made from waterproof polyethylene, these gowns are designed to provide reinforced protection against fluids. They are ideal for short-duration tasks where an effective liquid barrier is required, keeping the user dry and safe. Perfect for use in food handling, healthcare, or light industrial environments.Fabricadas en polietileno impermeable, estas batas est\u00e1n pensadas para una protecci\u00f3n reforzada frente a fluidos. Son ideales para tareas de corta duraci\u00f3n en las que se requiere una barrera eficaz contra l\u00edquidos, manteniendo al usuario seco y seguro. Perfectas para uso alimentario, sanitario o industrial ligero.  <\/p>\n<p>[\/et_pb_text][\/et_pb_column][\/et_pb_row][\/et_pb_section][et_pb_section fb_built=&#8221;1&#8243; specialty=&#8221;on&#8221; _builder_version=&#8221;4.27.4&#8243; _module_preset=&#8221;default&#8221; global_colors_info=&#8221;{}&#8221;][et_pb_column type=&#8221;1_4&#8243; _builder_version=&#8221;4.16&#8243; _module_preset=&#8221;default&#8221; custom_padding=&#8221;|||&#8221; global_colors_info=&#8221;{}&#8221; custom_padding__hover=&#8221;|||&#8221;][et_pb_menu menu_id=&#8221;308&#8243; _builder_version=&#8221;4.27.5&#8243; _module_preset=&#8221;default&#8221; hover_enabled=&#8221;0&#8243; global_colors_info=&#8221;{}&#8221; sticky_enabled=&#8221;0&#8243;][\/et_pb_menu][\/et_pb_column][et_pb_column type=&#8221;3_4&#8243; specialty_columns=&#8221;3&#8243; _builder_version=&#8221;4.16&#8243; _module_preset=&#8221;default&#8221; custom_padding=&#8221;|||&#8221; global_colors_info=&#8221;{}&#8221; custom_padding__hover=&#8221;|||&#8221;][et_pb_row_inner _builder_version=&#8221;4.27.4&#8243; _module_preset=&#8221;default&#8221; global_colors_info=&#8221;{}&#8221;][et_pb_column_inner saved_specialty_column_type=&#8221;3_4&#8243; _builder_version=&#8221;4.27.4&#8243; _module_preset=&#8221;default&#8221; global_colors_info=&#8221;{}&#8221;][et_pb_shop type=&#8221;product_category&#8221; posts_number=&#8221;13&#8243; include_categories=&#8221;267&#8243; show_price=&#8221;off&#8221; show_rating=&#8221;off&#8221; show_sale_badge=&#8221;off&#8221; _builder_version=&#8221;4.27.4&#8243; _module_preset=&#8221;default&#8221; global_colors_info=&#8221;{}&#8221;][\/et_pb_shop][\/et_pb_column_inner][\/et_pb_row_inner][\/et_pb_column][\/et_pb_section]<\/p>\n","protected":false},"excerpt":{"rendered":"<p>Polyethylene Gowns Made from waterproof polyethylene, these gowns are designed to provide reinforced protection against fluids. They are ideal for short-duration tasks where an effective liquid barrier is required, keeping the user dry and safe. Perfect for use in food handling, healthcare, or light industrial environments.Fabricadas en polietileno impermeable, estas batas est\u00e1n pensadas para una [&hellip;]<\/p>\n","protected":false},"author":1,"featured_media":0,"parent":0,"menu_order":0,"comment_status":"closed","ping_status":"closed","template":"","meta":{"_et_pb_use_builder":"on","_et_pb_old_content":"","_et_gb_content_width":"","footnotes":""},"class_list":["post-2263","page","type-page","status-publish","hentry"],"_links":{"self":[{"href":"https:\/\/luhepa.es\/en\/wp-json\/wp\/v2\/pages\/2263","targetHints":{"allow":["GET"]}}],"collection":[{"href":"https:\/\/luhepa.es\/en\/wp-json\/wp\/v2\/pages"}],"about":[{"href":"https:\/\/luhepa.es\/en\/wp-json\/wp\/v2\/types\/page"}],"author":[{"embeddable":true,"href":"https:\/\/luhepa.es\/en\/wp-json\/wp\/v2\/users\/1"}],"replies":[{"embeddable":true,"href":"https:\/\/luhepa.es\/en\/wp-json\/wp\/v2\/comments?post=2263"}],"version-history":[{"count":3,"href":"https:\/\/luhepa.es\/en\/wp-json\/wp\/v2\/pages\/2263\/revisions"}],"predecessor-version":[{"id":2442,"href":"https:\/\/luhepa.es\/en\/wp-json\/wp\/v2\/pages\/2263\/revisions\/2442"}],"wp:attachment":[{"href":"https:\/\/luhepa.es\/en\/wp-json\/wp\/v2\/media?parent=2263"}],"curies":[{"name":"wp","href":"https:\/\/api.w.org\/{rel}","templated":true}]}}